{"id":38,"date":"2022-09-13T21:19:47","date_gmt":"2022-09-13T14:19:47","guid":{"rendered":"https:\/\/prowtech.com.vn\/?page_id=38"},"modified":"2024-12-30T15:01:56","modified_gmt":"2024-12-30T08:01:56","slug":"dich-vu","status":"publish","type":"page","link":"https:\/\/prowtech.com.vn\/en\/dich-vu\/","title":{"rendered":"Services"},"content":{"rendered":"<div data-elementor-type=\"wp-page\" data-elementor-id=\"38\" class=\"elementor elementor-38\">\n\t\t\t\t\t\t<div class=\"elementor-inner\">\n\t\t\t\t<div class=\"elementor-section-wrap\">\n\t\t\t\t\t\t\t\t\t<section class=\"elementor-section elementor-top-section elementor-element elementor-element-8395eb8 elementor-section-height-min-height elementor-section-content-middle elementor-section-boxed elementor-section-height-default elementor-section-items-middle\" data-id=\"8395eb8\" data-element_type=\"section\" id=\"section_1\" data-settings=\"{&quot;jet_parallax_layout_list&quot;:[],&quot;background_background&quot;:&quot;classic&quot;}\">\n\t\t\t\t\t\t\t<div class=\"elementor-background-overlay\"><\/div>\n\t\t\t\t\t\t\t<div class=\"elementor-container elementor-column-gap-default\">\n\t\t\t\t\t\t\t<div class=\"elementor-row\">\n\t\t\t\t\t<div class=\"elementor-column elementor-col-100 elementor-top-column elementor-element elementor-element-ba16cb9\" data-id=\"ba16cb9\" data-element_type=\"column\">\n\t\t\t<div class=\"elementor-column-wrap elementor-element-populated\">\n\t\t\t\t\t\t\t<div class=\"elementor-widget-wrap\">\n\t\t\t\t\t\t<div class=\"elementor-element elementor-element-8905d96 elementor-widget elementor-widget-heading\" data-id=\"8905d96\" data-element_type=\"widget\" data-widget_type=\"heading.default\">\n\t\t\t\t<div class=\"elementor-widget-container\">\n\t\t\t<h2 class=\"elementor-heading-title elementor-size-default\">Our services<\/h2>\t\t<\/div>\n\t\t\t\t<\/div>\n\t\t\t\t<div class=\"elementor-element elementor-element-4f090af slide-page-style-3 elementor-widget elementor-widget-jet-carousel\" data-id=\"4f090af\" data-element_type=\"widget\" data-settings=\"{&quot;slides_to_show&quot;:&quot;5&quot;,&quot;slides_to_show_tablet&quot;:&quot;3&quot;,&quot;slides_to_show_mobile&quot;:&quot;1&quot;,&quot;slides_to_scroll_tablet&quot;:&quot;1&quot;,&quot;slides_to_scroll_mobile&quot;:&quot;1&quot;,&quot;slides_to_scroll&quot;:&quot;1&quot;}\" data-widget_type=\"jet-carousel.default\">\n\t\t\t\t<div class=\"elementor-widget-container\">\n\t\t\t<div class=\"elementor-jet-carousel jet-elements\"><div class=\"jet-carousel-wrap\">\n\t<div class=\"jet-carousel\" data-slider_options=\"{&quot;autoplaySpeed&quot;:5000,&quot;autoplay&quot;:false,&quot;infinite&quot;:false,&quot;centerMode&quot;:false,&quot;pauseOnHover&quot;:false,&quot;speed&quot;:500,&quot;arrows&quot;:true,&quot;dots&quot;:false,&quot;variableWidth&quot;:false,&quot;prevArrow&quot;:&quot;.jet-carousel__prev-arrow-4f090af&quot;,&quot;nextArrow&quot;:&quot;.jet-carousel__next-arrow-4f090af&quot;,&quot;rtl&quot;:false,&quot;fractionNav&quot;:false}\" dir=\"ltr\">\n\t<div class=\"elementor-slick-slider\">\n\n<div class=\"jet-carousel__item\">\n\t<div class=\"jet-carousel__item-inner\"><div class=\"jet-carousel__content\"><h5 class=\"jet-carousel__item-title\">M\u00e0n h\u00ecnh led TT th\u00e0nh ph\u1ed1<\/h5><a class=\"elementor-button elementor-size-md jet-carousel__item-button\" href=\"https:\/\/prowtech.com.vn\/en\/man-hinh-led-trung-tam-thanh-pho\/\">Detail<\/a><\/div><\/div>\n<\/div>\n\n<div class=\"jet-carousel__item\">\n\t<div class=\"jet-carousel__item-inner\"><div class=\"jet-carousel__content\"><h5 class=\"jet-carousel__item-title\">M\u00e0n h\u00ecnh led TT th\u01b0\u01a1ng m\u1ea1i<\/h5><a class=\"elementor-button elementor-size-md jet-carousel__item-button\" href=\"https:\/\/prowtech.com.vn\/en\/man-hinh-led-trung-tam-thuong-mai\/\">Detail<\/a><\/div><\/div>\n<\/div>\n\n<div class=\"jet-carousel__item\">\n\t<div class=\"jet-carousel__item-inner\"><div class=\"jet-carousel__content\"><h5 class=\"jet-carousel__item-title\">Billboard\/Pano c\u00e1c t\u1ec9nh th\u00e0nh<\/h5><a class=\"elementor-button elementor-size-md jet-carousel__item-button\" href=\"https:\/\/prowtech.com.vn\/en\/billboard-pano-cac-tinh-thanh\/\">Detail<\/a><\/div><\/div>\n<\/div>\n\n<div class=\"jet-carousel__item\">\n\t<div class=\"jet-carousel__item-inner\"><div class=\"jet-carousel__content\"><h5 class=\"jet-carousel__item-title\">Digital Out-Of-Home<\/h5><a class=\"elementor-button elementor-size-md jet-carousel__item-button\" href=\"https:\/\/prowtech.com.vn\/en\/digital-out-of-home\/\">Detail<\/a><\/div><\/div>\n<\/div>\n\n<div class=\"jet-carousel__item\">\n\t<div class=\"jet-carousel__item-inner\"><div class=\"jet-carousel__content\"><h5 class=\"jet-carousel__item-title\">Other services<\/h5><a class=\"elementor-button elementor-size-md jet-carousel__item-button\" href=\"https:\/\/prowtech.com.vn\/en\/cac-dich-vu-khac\/\">Detail<\/a><\/div><\/div>\n<\/div>\n<\/div><div class=\"jet-carousel__prev-arrow-4f090af jet-arrow prev-arrow\"><i aria-hidden=\"true\" class=\"fas fa-angle-left\"><\/i><\/div><div class=\"jet-carousel__next-arrow-4f090af jet-arrow next-arrow\"><i aria-hidden=\"true\" class=\"fas fa-angle-right\"><\/i><\/div><\/div>\n<\/div>\n<\/div>\t\t<\/div>\n\t\t\t\t<\/div>\n\t\t\t\t\t\t<\/div>\n\t\t\t\t\t<\/div>\n\t\t<\/div>\n\t\t\t\t\t\t\t\t<\/div>\n\t\t\t\t\t<\/div>\n\t\t<\/section>\n\t\t\t\t\t\t\t\t\t<\/div>\n\t\t\t<\/div>\n\t\t\t\t\t<\/div>","protected":false},"excerpt":{"rendered":"<p>D\u1ecbch v\u1ee5 c\u1ee7a ch\u00fang t\u00f4i M\u00e0n h\u00ecnh led TT th\u00e0nh ph\u1ed1 Chi ti\u1ebft M\u00e0n h\u00ecnh led TT th\u01b0\u01a1ng m\u1ea1i Chi ti\u1ebft Billboard\/Pano c\u00e1c t\u1ec9nh th\u00e0nh Chi ti\u1ebft Digital Out-Of-Home Chi ti\u1ebft C\u00e1c d\u1ecbch v\u1ee5 kh\u00e1c Chi ti\u1ebft<\/p>","protected":false},"author":1,"featured_media":843,"parent":0,"menu_order":0,"comment_status":"closed","ping_status":"closed","template":"elementor_header_footer","meta":{"site-sidebar-layout":"no-sidebar","site-content-layout":"page-builder","ast-global-header-display":"","ast-main-header-display":"","ast-hfb-above-header-display":"","ast-hfb-below-header-display":"","ast-hfb-mobile-header-display":"","site-post-title":"disabled","ast-breadcrumbs-content":"","ast-featured-img":"disabled","footer-sml-layout":"","theme-transparent-header-meta":"default","adv-header-id-meta":"","stick-header-meta":"default","header-above-stick-meta":"","header-main-stick-meta":"","header-below-stick-meta":""},"_links":{"self":[{"href":"https:\/\/prowtech.com.vn\/en\/wp-json\/wp\/v2\/pages\/38"}],"collection":[{"href":"https:\/\/prowtech.com.vn\/en\/wp-json\/wp\/v2\/pages"}],"about":[{"href":"https:\/\/prowtech.com.vn\/en\/wp-json\/wp\/v2\/types\/page"}],"author":[{"embeddable":true,"href":"https:\/\/prowtech.com.vn\/en\/wp-json\/wp\/v2\/users\/1"}],"replies":[{"embeddable":true,"href":"https:\/\/prowtech.com.vn\/en\/wp-json\/wp\/v2\/comments?post=38"}],"version-history":[{"count":89,"href":"https:\/\/prowtech.com.vn\/en\/wp-json\/wp\/v2\/pages\/38\/revisions"}],"predecessor-version":[{"id":3544,"href":"https:\/\/prowtech.com.vn\/en\/wp-json\/wp\/v2\/pages\/38\/revisions\/3544"}],"wp:featuredmedia":[{"embeddable":true,"href":"https:\/\/prowtech.com.vn\/en\/wp-json\/wp\/v2\/media\/843"}],"wp:attachment":[{"href":"https:\/\/prowtech.com.vn\/en\/wp-json\/wp\/v2\/media?parent=38"}],"curies":[{"name":"wp","href":"https:\/\/api.w.org\/{rel}","templated":true}]}}